{"id":2,"date":"2011-09-10T09:16:45","date_gmt":"2011-09-10T09:16:45","guid":{"rendered":"http:\/\/www.asisa.it\/lab\/?page_id=2"},"modified":"2021-11-12T15:20:11","modified_gmt":"2021-11-12T14:20:11","slug":"about","status":"publish","type":"page","link":"https:\/\/www.asisa.it\/lab\/about\/","title":{"rendered":"Chi siamo"},"content":{"rendered":"<div class=\"wpb-content-wrapper\"><p>[vc_row full_width=&#8221;stretch_row_content&#8221; css=&#8221;.vc_custom_1618555924595{padding-right: 30px !important;padding-left: 30px !important;}&#8221;][vc_column css_animation=&#8221;none&#8221;][lab_heading title=&#8221;Asisa&#8221;]Asisa \u00e8 un laboratorio sperimentale di interazione, socialit\u00e0 e creativit\u00e0 collettiva.<\/p>\n<p>Progetta e gestisce processi e strumenti di coinvolgimento per la riappropriazione del proprio territorio di vita.<\/p>\n<p>Persegue i propri obiettivi tramite un approccio ludico e creativo.<\/p>\n<p>Per saperne di pi\u00f9 leggi <a href=\"https:\/\/www.asisa.it\/lab\/wp-content\/uploads\/2020\/03\/AsisaBook.pdf\" target=\"_blank\" rel=\"noopener noreferrer\">ASISA BOOK<\/a>[\/lab_heading][vc_single_image image=&#8221;546&#8243; img_size=&#8221;full&#8221;][\/vc_column][\/vc_row][vc_row full_width=&#8221;stretch_row_content&#8221; css=&#8221;.vc_custom_1618555973524{padding-left: 30px !important;}&#8221;][vc_column css_animation=&#8221;none&#8221;][lab_heading title=&#8221;Asisiani&#8221;]Francesca Albertoni, Mariella Bianchin, Alberto Graglia, Marta Lanata, Silvia Nessi, Lucia Servolini, Paolo Solcia, Christian Steiner, Alice Terragni, Marco Tommaseo.[\/lab_heading][\/vc_column][\/vc_row][vc_row full_width=&#8221;stretch_row_content&#8221; css=&#8221;.vc_custom_1618556015205{padding-right: 30px !important;padding-left: 30px !important;}&#8221;][vc_column css_animation=&#8221;none&#8221;][lab_heading title=&#8221;Mission&#8221;]Asisa sviluppa strategie per il coinvolgimento e per la partecipazione.<\/p>\n<p>Progetta e realizza processi di progettazione partecipata, processi di arte collettiva, installazioni interattive.<\/p>\n<p>Promuove l\u2019esplorazione e la riscoperta del contesto urbano e naturale, e sviluppa strategie di rigenerazione.<\/p>\n<p>Immagina strumenti, giochi, installazioni per divulgare contenuti di carattere sociale e politico.<\/p>\n<p>Persegue i propri obiettivi tramite un approccio ludico e creativo.<\/p>\n<p>Asisa crea e progetta con e per le persone.<\/p>\n<p>Asisa crede in un abitare consapevole e creativo, dove la trasformazione artistica \u00e8 strumento di appropriazione e comprensione del proprio contesto di vita.<\/p>\n<p>Innesta processi di creazione artistica e collettiva all\u2019interno di momenti di quotidianit\u00e0.[\/lab_heading][lab_heading title=&#8221;Obiettivi&#8221;]<strong>Sviluppare esperienze artistiche<\/strong><br \/>\nche coinvolgano in processi collettivi di lettura, appropriazione e trasformazione del proprio contesto di vita<\/p>\n<p><strong>Promuovere una lettura inedita<\/strong><br \/>\ne fanciulla della realt\u00e0.<\/p>\n<p><strong>Stimolare punti di vista<\/strong><br \/>\nnuovi e molteplici.<\/p>\n<p><strong>Promuovere inclusione sociale<\/strong><br \/>\ne qualit\u00e0 delle relazioni.<\/p>\n<p><strong>Promuovere stili di vita sostenibili<\/strong><br \/>\nin armonia con il contesto naturale ed urbano.[\/lab_heading][lab_heading title=&#8221;Avventure&#8221;]Scopri Asisa durante le sue scorribande.<\/p>\n<p>Per saperne di pi\u00f9 seguila su <a href=\"https:\/\/www.instagram.com\/asisamilano\/\" target=\"_blank\" rel=\"noopener noreferrer\">INSTAGRAM<\/a>, <a href=\"https:\/\/www.facebook.com\/asisamilano\" target=\"_blank\" rel=\"noopener noreferrer\">FACEBOOK<\/a> e <a href=\"https:\/\/www.youtube.com\/user\/AsisaLab\/videos\" target=\"_blank\" rel=\"noopener noreferrer\">YOUTUBE<\/a>[\/lab_heading][\/vc_column][\/vc_row]<\/p>\n<\/div>","protected":false},"excerpt":{"rendered":"<p>[vc_row full_width=&#8221;stretch_row_content&#8221; css=&#8221;.vc_custom_1618555924595{padding-right: 30px !important;padding-left: 30px !important;}&#8221;][vc_column css_animation=&#8221;none&#8221;][lab_heading title=&#8221;Asisa&#8221;]Asisa \u00e8 un laboratorio sperimentale di interazione, socialit\u00e0 e creativit\u00e0 collettiva. Progetta e gestisce processi e strumenti di coinvolgimento per la riappropriazione del proprio territorio di vita. Persegue i propri obiettivi tramite un approccio ludico e creativo. Per saperne di pi\u00f9 leggi ASISA BOOK[\/lab_heading][vc_single_image image=&#8221;546&#8243; img_size=&#8221;full&#8221;][\/vc_column][\/vc_row][vc_row full_width=&#8221;stretch_row_content&#8221;&hellip;<\/p>\n","protected":false},"author":2,"featured_media":0,"parent":0,"menu_order":1,"comment_status":"closed","ping_status":"closed","template":"","meta":{"_acf_changed":false,"inline_featured_image":false,"footnotes":""},"class_list":["post-2","page","type-page","status-publish","hentry"],"acf":[],"_links":{"self":[{"href":"https:\/\/www.asisa.it\/lab\/wp-json\/wp\/v2\/pages\/2","targetHints":{"allow":["GET"]}}],"collection":[{"href":"https:\/\/www.asisa.it\/lab\/wp-json\/wp\/v2\/pages"}],"about":[{"href":"https:\/\/www.asisa.it\/lab\/wp-json\/wp\/v2\/types\/page"}],"author":[{"embeddable":true,"href":"https:\/\/www.asisa.it\/lab\/wp-json\/wp\/v2\/users\/2"}],"replies":[{"embeddable":true,"href":"https:\/\/www.asisa.it\/lab\/wp-json\/wp\/v2\/comments?post=2"}],"version-history":[{"count":19,"href":"https:\/\/www.asisa.it\/lab\/wp-json\/wp\/v2\/pages\/2\/revisions"}],"predecessor-version":[{"id":2567,"href":"https:\/\/www.asisa.it\/lab\/wp-json\/wp\/v2\/pages\/2\/revisions\/2567"}],"wp:attachment":[{"href":"https:\/\/www.asisa.it\/lab\/wp-json\/wp\/v2\/media?parent=2"}],"curies":[{"name":"wp","href":"https:\/\/api.w.org\/{rel}","templated":true}]}}